{"id":28,"date":"2020-09-28T18:10:29","date_gmt":"2020-09-28T16:10:29","guid":{"rendered":"http:\/\/akconstruction.pl\/?page_id=28"},"modified":"2020-10-21T16:24:40","modified_gmt":"2020-10-21T14:24:40","slug":"produkcja","status":"publish","type":"page","link":"https:\/\/akconstruction.pl\/index.php\/produkcja\/","title":{"rendered":"Produkcja"},"content":{"rendered":"\t\t<div data-elementor-type=\"wp-page\" data-elementor-id=\"28\" class=\"elementor elementor-28\" data-elementor-settings=\"[]\">\n\t\t\t\t\t\t<div class=\"elementor-inner\">\n\t\t\t\t\t\t\t<div class=\"elementor-section-wrap\">\n\t\t\t\t\t\t\t<section class=\"elementor-section elementor-top-section elementor-element elementor-element-911736e elementor-section-boxed elementor-section-height-default elementor-section-height-default\" data-id=\"911736e\" data-element_type=\"section\">\n\t\t\t\t\t\t<div class=\"elementor-container elementor-column-gap-default\">\n\t\t\t\t\t\t\t<div class=\"elementor-row\">\n\t\t\t\t\t<div class=\"elementor-column elementor-col-100 elementor-top-column elementor-element elementor-element-93b788e\" data-id=\"93b788e\" data-element_type=\"column\">\n\t\t\t<div class=\"elementor-column-wrap elementor-element-populated\">\n\t\t\t\t\t\t\t<div class=\"elementor-widget-wrap\">\n\t\t\t\t\t\t<div class=\"elementor-element elementor-element-64e37ec elementor-invisible elementor-widget elementor-widget-heading\" data-id=\"64e37ec\" data-element_type=\"widget\" data-settings=\"{&quot;_animation&quot;:&quot;none&quot;}\" data-widget_type=\"heading.default\">\n\t\t\t\t<div class=\"elementor-widget-container\">\n\t\t\t<h2 class=\"elementor-heading-title elementor-size-default\">Produkcja<\/h2>\t\t<\/div>\n\t\t\t\t<\/div>\n\t\t\t\t\t\t<\/div>\n\t\t\t\t\t<\/div>\n\t\t<\/div>\n\t\t\t\t\t\t\t\t<\/div>\n\t\t\t\t\t<\/div>\n\t\t<\/section>\n\t\t\t\t<section class=\"elementor-section elementor-top-section elementor-element elementor-element-eb6c026 elementor-section-boxed elementor-section-height-default elementor-section-height-default\" data-id=\"eb6c026\" data-element_type=\"section\">\n\t\t\t\t\t\t<div class=\"elementor-container elementor-column-gap-default\">\n\t\t\t\t\t\t\t<div class=\"elementor-row\">\n\t\t\t\t\t<div class=\"elementor-column elementor-col-100 elementor-top-column elementor-element elementor-element-bb17c1f\" data-id=\"bb17c1f\" data-element_type=\"column\">\n\t\t\t<div class=\"elementor-column-wrap elementor-element-populated\">\n\t\t\t\t\t\t\t<div class=\"elementor-widget-wrap\">\n\t\t\t\t\t\t<div class=\"elementor-element elementor-element-246734e elementor-widget elementor-widget-text-editor\" data-id=\"246734e\" data-element_type=\"widget\" data-widget_type=\"text-editor.default\">\n\t\t\t\t<div class=\"elementor-widget-container\">\n\t\t\t\t\t<div class=\"elementor-text-editor elementor-clearfix\"><p>Podejmujemy si\u0119 produkcji, dostawy oraz monta\u017cu konstrukcji:<\/p><ul><li>stalowych (stal w\u0119gla i kwasoodporna)<\/li><li>aluminiowych<\/li><\/ul><p>Produkcja obejmuje wszelkie etapy:<\/p><ul><li>Doradztwo techniczne, opracowanie koncepcji<\/li><li>Przygotowanie dokumentacji projektowej<\/li><li>Monta\u017c oraz spawanie konstrukcji<\/li><li>Obr\u00f3bka mechaniczna<\/li><li>Przygotowanie powierzchni oraz malowanie<\/li><li>Wykonanie bada\u0144 NDT<\/li><li>Pakowanie oraz wysy\u0142ka<\/li><li>Monta\u017c konstrukcji \/ urz\u0105dzenia u klienta<ul><li>Zbiorniki<\/li><li>Silosy<\/li><li>Ruroci\u0105gi<\/li><li>Cyklony<\/li><li>Podesty<\/li><li>Wymienniki ciep\u0142a<\/li><li>Przeno\u015bniki<\/li><li>Bariery<\/li><li>Podpory<\/li><li>Schody<\/li><li>Drabiny<\/li><li>Estakady<\/li><\/ul><\/li><\/ul><\/div>\n\t\t\t\t<\/div>\n\t\t\t\t<\/div>\n\t\t\t\t\t\t<\/div>\n\t\t\t\t\t<\/div>\n\t\t<\/div>\n\t\t\t\t\t\t\t\t<\/div>\n\t\t\t\t\t<\/div>\n\t\t<\/section>\n\t\t\t\t\t\t<\/div>\n\t\t\t\t\t\t<\/div>\n\t\t\t\t\t<\/div>\n\t\t","protected":false},"excerpt":{"rendered":"<p>Produkcja Podejmujemy si\u0119 produkcji, dostawy oraz monta\u017cu konstrukcji: stalowych (stal w\u0119gla i kwasoodporna) aluminiowych Produkcja obejmuje wszelkie etapy: Doradztwo techniczne, opracowanie koncepcji Przygotowanie dokumentacji projektowej Monta\u017c oraz spawanie konstrukcji Obr\u00f3bka mechaniczna Przygotowanie powierzchni oraz malowanie Wykonanie bada\u0144 NDT Pakowanie oraz wysy\u0142ka Monta\u017c konstrukcji \/ urz\u0105dzenia u klienta Zbiorniki Silosy Ruroci\u0105gi Cyklony Podesty Wymienniki ciep\u0142a Przeno\u015bniki [&hellip;]<\/p>\n","protected":false},"author":1,"featured_media":0,"parent":0,"menu_order":0,"comment_status":"closed","ping_status":"closed","template":"","meta":[],"_links":{"self":[{"href":"https:\/\/akconstruction.pl\/index.php\/wp-json\/wp\/v2\/pages\/28"}],"collection":[{"href":"https:\/\/akconstruction.pl\/index.php\/wp-json\/wp\/v2\/pages"}],"about":[{"href":"https:\/\/akconstruction.pl\/index.php\/wp-json\/wp\/v2\/types\/page"}],"author":[{"embeddable":true,"href":"https:\/\/akconstruction.pl\/index.php\/wp-json\/wp\/v2\/users\/1"}],"replies":[{"embeddable":true,"href":"https:\/\/akconstruction.pl\/index.php\/wp-json\/wp\/v2\/comments?post=28"}],"version-history":[{"count":4,"href":"https:\/\/akconstruction.pl\/index.php\/wp-json\/wp\/v2\/pages\/28\/revisions"}],"predecessor-version":[{"id":209,"href":"https:\/\/akconstruction.pl\/index.php\/wp-json\/wp\/v2\/pages\/28\/revisions\/209"}],"wp:attachment":[{"href":"https:\/\/akconstruction.pl\/index.php\/wp-json\/wp\/v2\/media?parent=28"}],"curies":[{"name":"wp","href":"https:\/\/api.w.org\/{rel}","templated":true}]}}