{"id":26,"date":"2020-09-28T18:10:16","date_gmt":"2020-09-28T16:10:16","guid":{"rendered":"http:\/\/akconstruction.pl\/?page_id=26"},"modified":"2020-10-21T16:23:41","modified_gmt":"2020-10-21T14:23:41","slug":"przemysl","status":"publish","type":"page","link":"https:\/\/akconstruction.pl\/index.php\/przemysl\/","title":{"rendered":"Przemys\u0142"},"content":{"rendered":"\t\t<div data-elementor-type=\"wp-page\" data-elementor-id=\"26\" class=\"elementor elementor-26\" data-elementor-settings=\"[]\">\n\t\t\t\t\t\t<div class=\"elementor-inner\">\n\t\t\t\t\t\t\t<div class=\"elementor-section-wrap\">\n\t\t\t\t\t\t\t<section class=\"elementor-section elementor-top-section elementor-element elementor-element-9939857 elementor-section-boxed elementor-section-height-default elementor-section-height-default\" data-id=\"9939857\" data-element_type=\"section\">\n\t\t\t\t\t\t<div class=\"elementor-container elementor-column-gap-default\">\n\t\t\t\t\t\t\t<div class=\"elementor-row\">\n\t\t\t\t\t<div class=\"elementor-column elementor-col-100 elementor-top-column elementor-element elementor-element-5e6e0af\" data-id=\"5e6e0af\" data-element_type=\"column\">\n\t\t\t<div class=\"elementor-column-wrap elementor-element-populated\">\n\t\t\t\t\t\t\t<div class=\"elementor-widget-wrap\">\n\t\t\t\t\t\t<div class=\"elementor-element elementor-element-c551e20 elementor-invisible elementor-widget elementor-widget-heading\" data-id=\"c551e20\" data-element_type=\"widget\" data-settings=\"{&quot;_animation&quot;:&quot;none&quot;}\" data-widget_type=\"heading.default\">\n\t\t\t\t<div class=\"elementor-widget-container\">\n\t\t\t<h2 class=\"elementor-heading-title elementor-size-default\">Przemys\u0142<\/h2>\t\t<\/div>\n\t\t\t\t<\/div>\n\t\t\t\t\t\t<\/div>\n\t\t\t\t\t<\/div>\n\t\t<\/div>\n\t\t\t\t\t\t\t\t<\/div>\n\t\t\t\t\t<\/div>\n\t\t<\/section>\n\t\t\t\t<section class=\"elementor-section elementor-top-section elementor-element elementor-element-597e4f8 elementor-section-boxed elementor-section-height-default elementor-section-height-default\" data-id=\"597e4f8\" data-element_type=\"section\">\n\t\t\t\t\t\t<div class=\"elementor-container elementor-column-gap-default\">\n\t\t\t\t\t\t\t<div class=\"elementor-row\">\n\t\t\t\t\t<div class=\"elementor-column elementor-col-100 elementor-top-column elementor-element elementor-element-f05deed\" data-id=\"f05deed\" data-element_type=\"column\">\n\t\t\t<div class=\"elementor-column-wrap elementor-element-populated\">\n\t\t\t\t\t\t\t<div class=\"elementor-widget-wrap\">\n\t\t\t\t\t\t<div class=\"elementor-element elementor-element-4bac93c elementor-widget elementor-widget-text-editor\" data-id=\"4bac93c\" data-element_type=\"widget\" data-widget_type=\"text-editor.default\">\n\t\t\t\t<div class=\"elementor-widget-container\">\n\t\t\t\t\t<div class=\"elementor-text-editor elementor-clearfix\"><p>AK Construction oferuje szeroki zakres us\u0142ug dla zak\u0142ad\u00f3w przemys\u0142owych r\u00f3\u017cnych bran\u017c, a nasze dzia\u0142ania cechuje:<\/p><ul><li>profesjonalne podej\u015bcie do realizacji<\/li><li>gwarantowana jako\u015b\u0107 i terminowo\u015b\u0107<\/li><li>odpowiedzialne zarz\u0105dzanie projektami<\/li><li>szeroki zakres us\u0142ug \u2013 mechanika, spawalnictwo, automatyka, elektryka, hydraulika<\/li><li>monta\u017c, modernizacje, naprawy maszyn i urz\u0105dze\u0144 przez do\u015bwiadczony zesp\u00f3\u0142<\/li><\/ul><p>Jeste\u015bmy w stanie spe\u0142ni\u0107 potrzeby zak\u0142ad\u00f3w takich jak:<\/p><ul><li>Elektrownie<\/li><li>Petrochemie<\/li><li>Zak\u0142ady chemiczne<\/li><li>Przetw\u00f3rnie drewna<\/li><li>Producenci wyrob\u00f3w gum<\/li><li>Producenci \u017cywno\u015bci<\/li><li>wiele innych zak\u0142ad\u00f3w przemys\u0142owych\u2026<\/li><\/ul><\/div>\n\t\t\t\t<\/div>\n\t\t\t\t<\/div>\n\t\t\t\t\t\t<\/div>\n\t\t\t\t\t<\/div>\n\t\t<\/div>\n\t\t\t\t\t\t\t\t<\/div>\n\t\t\t\t\t<\/div>\n\t\t<\/section>\n\t\t\t\t\t\t<\/div>\n\t\t\t\t\t\t<\/div>\n\t\t\t\t\t<\/div>\n\t\t","protected":false},"excerpt":{"rendered":"<p>Przemys\u0142 AK Construction oferuje szeroki zakres us\u0142ug dla zak\u0142ad\u00f3w przemys\u0142owych r\u00f3\u017cnych bran\u017c, a nasze dzia\u0142ania cechuje: profesjonalne podej\u015bcie do realizacji gwarantowana jako\u015b\u0107 i terminowo\u015b\u0107 odpowiedzialne zarz\u0105dzanie projektami szeroki zakres us\u0142ug \u2013 mechanika, spawalnictwo, automatyka, elektryka, hydraulika monta\u017c, modernizacje, naprawy maszyn i urz\u0105dze\u0144 przez do\u015bwiadczony zesp\u00f3\u0142 Jeste\u015bmy w stanie spe\u0142ni\u0107 potrzeby zak\u0142ad\u00f3w takich jak: Elektrownie Petrochemie [&hellip;]<\/p>\n","protected":false},"author":1,"featured_media":0,"parent":0,"menu_order":0,"comment_status":"closed","ping_status":"closed","template":"","meta":[],"_links":{"self":[{"href":"https:\/\/akconstruction.pl\/index.php\/wp-json\/wp\/v2\/pages\/26"}],"collection":[{"href":"https:\/\/akconstruction.pl\/index.php\/wp-json\/wp\/v2\/pages"}],"about":[{"href":"https:\/\/akconstruction.pl\/index.php\/wp-json\/wp\/v2\/types\/page"}],"author":[{"embeddable":true,"href":"https:\/\/akconstruction.pl\/index.php\/wp-json\/wp\/v2\/users\/1"}],"replies":[{"embeddable":true,"href":"https:\/\/akconstruction.pl\/index.php\/wp-json\/wp\/v2\/comments?post=26"}],"version-history":[{"count":5,"href":"https:\/\/akconstruction.pl\/index.php\/wp-json\/wp\/v2\/pages\/26\/revisions"}],"predecessor-version":[{"id":208,"href":"https:\/\/akconstruction.pl\/index.php\/wp-json\/wp\/v2\/pages\/26\/revisions\/208"}],"wp:attachment":[{"href":"https:\/\/akconstruction.pl\/index.php\/wp-json\/wp\/v2\/media?parent=26"}],"curies":[{"name":"wp","href":"https:\/\/api.w.org\/{rel}","templated":true}]}}