{"id":24,"date":"2020-09-28T18:09:44","date_gmt":"2020-09-28T16:09:44","guid":{"rendered":"http:\/\/akconstruction.pl\/?page_id=24"},"modified":"2020-10-21T16:22:58","modified_gmt":"2020-10-21T14:22:58","slug":"papiernictwo","status":"publish","type":"page","link":"https:\/\/akconstruction.pl\/index.php\/papiernictwo\/","title":{"rendered":"Papiernictwo"},"content":{"rendered":"\t\t<div data-elementor-type=\"wp-page\" data-elementor-id=\"24\" class=\"elementor elementor-24\" data-elementor-settings=\"[]\">\n\t\t\t\t\t\t<div class=\"elementor-inner\">\n\t\t\t\t\t\t\t<div class=\"elementor-section-wrap\">\n\t\t\t\t\t\t\t<section class=\"elementor-section elementor-top-section elementor-element elementor-element-9706c86 elementor-section-boxed elementor-section-height-default elementor-section-height-default\" data-id=\"9706c86\" data-element_type=\"section\">\n\t\t\t\t\t\t<div class=\"elementor-container elementor-column-gap-default\">\n\t\t\t\t\t\t\t<div class=\"elementor-row\">\n\t\t\t\t\t<div class=\"elementor-column elementor-col-100 elementor-top-column elementor-element elementor-element-2154018\" data-id=\"2154018\" data-element_type=\"column\">\n\t\t\t<div class=\"elementor-column-wrap elementor-element-populated\">\n\t\t\t\t\t\t\t<div class=\"elementor-widget-wrap\">\n\t\t\t\t\t\t<div class=\"elementor-element elementor-element-1dfc015 elementor-invisible elementor-widget elementor-widget-heading\" data-id=\"1dfc015\" data-element_type=\"widget\" data-settings=\"{&quot;_animation&quot;:&quot;none&quot;}\" data-widget_type=\"heading.default\">\n\t\t\t\t<div class=\"elementor-widget-container\">\n\t\t\t<h2 class=\"elementor-heading-title elementor-size-default\">Papiernictwo<\/h2>\t\t<\/div>\n\t\t\t\t<\/div>\n\t\t\t\t\t\t<\/div>\n\t\t\t\t\t<\/div>\n\t\t<\/div>\n\t\t\t\t\t\t\t\t<\/div>\n\t\t\t\t\t<\/div>\n\t\t<\/section>\n\t\t\t\t<section class=\"elementor-section elementor-top-section elementor-element elementor-element-903e468 elementor-section-boxed elementor-section-height-default elementor-section-height-default\" data-id=\"903e468\" data-element_type=\"section\">\n\t\t\t\t\t\t<div class=\"elementor-container elementor-column-gap-default\">\n\t\t\t\t\t\t\t<div class=\"elementor-row\">\n\t\t\t\t\t<div class=\"elementor-column elementor-col-100 elementor-top-column elementor-element elementor-element-cd9f5eb\" data-id=\"cd9f5eb\" data-element_type=\"column\">\n\t\t\t<div class=\"elementor-column-wrap elementor-element-populated\">\n\t\t\t\t\t\t\t<div class=\"elementor-widget-wrap\">\n\t\t\t\t\t\t<div class=\"elementor-element elementor-element-0393b4b elementor-widget elementor-widget-text-editor\" data-id=\"0393b4b\" data-element_type=\"widget\" data-widget_type=\"text-editor.default\">\n\t\t\t\t<div class=\"elementor-widget-container\">\n\t\t\t\t\t<div class=\"elementor-text-editor elementor-clearfix\"><p><br><\/p>\n<p>Nasza firma posiada bogate do\u015bwiadczenie i specjalizuje si\u0119 w prowadzeniu projekt\u00f3w w europejskich zak\u0142adach produkcji papieru, celulozy oraz opakowa\u0144. Zakres oferowanych prac to m.in.:<\/p><\/div>\n\t\t\t\t<\/div>\n\t\t\t\t<\/div>\n\t\t\t\t\t\t<\/div>\n\t\t\t\t\t<\/div>\n\t\t<\/div>\n\t\t\t\t\t\t\t\t<\/div>\n\t\t\t\t\t<\/div>\n\t\t<\/section>\n\t\t\t\t<section class=\"elementor-section elementor-top-section elementor-element elementor-element-af8402c elementor-section-boxed elementor-section-height-default elementor-section-height-default\" data-id=\"af8402c\" data-element_type=\"section\">\n\t\t\t\t\t\t<div class=\"elementor-container elementor-column-gap-default\">\n\t\t\t\t\t\t\t<div class=\"elementor-row\">\n\t\t\t\t\t<div class=\"elementor-column elementor-col-100 elementor-top-column elementor-element elementor-element-93b53a7\" data-id=\"93b53a7\" data-element_type=\"column\">\n\t\t\t<div class=\"elementor-column-wrap elementor-element-populated\">\n\t\t\t\t\t\t\t<div class=\"elementor-widget-wrap\">\n\t\t\t\t\t\t<div class=\"elementor-element elementor-element-2801f42 elementor-invisible elementor-widget elementor-widget-text-editor\" data-id=\"2801f42\" data-element_type=\"widget\" data-settings=\"{&quot;_animation&quot;:&quot;none&quot;,&quot;_animation_delay&quot;:1000}\" data-widget_type=\"text-editor.default\">\n\t\t\t\t<div class=\"elementor-widget-container\">\n\t\t\t\t\t<div class=\"elementor-text-editor elementor-clearfix\"><h4>Maszyna papiernicza:<\/h4><\/div>\n\t\t\t\t<\/div>\n\t\t\t\t<\/div>\n\t\t\t\t\t\t<\/div>\n\t\t\t\t\t<\/div>\n\t\t<\/div>\n\t\t\t\t\t\t\t\t<\/div>\n\t\t\t\t\t<\/div>\n\t\t<\/section>\n\t\t\t\t<section class=\"elementor-section elementor-top-section elementor-element elementor-element-5235a3e elementor-section-boxed elementor-section-height-default elementor-section-height-default\" data-id=\"5235a3e\" data-element_type=\"section\">\n\t\t\t\t\t\t<div class=\"elementor-container elementor-column-gap-default\">\n\t\t\t\t\t\t\t<div class=\"elementor-row\">\n\t\t\t\t\t<div class=\"elementor-column elementor-col-100 elementor-top-column elementor-element elementor-element-4e8245b\" data-id=\"4e8245b\" data-element_type=\"column\">\n\t\t\t<div class=\"elementor-column-wrap elementor-element-populated\">\n\t\t\t\t\t\t\t<div class=\"elementor-widget-wrap\">\n\t\t\t\t\t\t<div class=\"elementor-element elementor-element-cbc609a elementor-widget elementor-widget-text-editor\" data-id=\"cbc609a\" data-element_type=\"widget\" data-widget_type=\"text-editor.default\">\n\t\t\t\t<div class=\"elementor-widget-container\">\n\t\t\t\t\t<div class=\"elementor-text-editor elementor-clearfix\"><ul><li>budowa nowych maszyn w zakresie mechaniki, automatyki, elektryki, hydrauliki, pomiar\u00f3w geodezyjnych<\/li><li>modernizacje maszyn- wymiana ca\u0142ych sekcji, przebudowa okapturzenia, rekuperacji, wentylacji<\/li><li>relokacja maszyn wraz z instalacjami pomocniczymi<\/li><li>prace remontowe i serwisowe wszystkich sekcji maszyn m.in.:<br \/>-wymiany wa\u0142\u00f3w, cylindr\u00f3w, belek skrobakowych, g\u0142owic parowych<br \/>-wymiany, przegl\u0105dy napinaczy, regulator\u00f3w biegu, myjek susznika, urz\u0105dze\u0144 pomiarowych<br \/>-modernizacje ram maszyny, podp\u00f3r, opraw \u0142o\u017cyskowych<\/li><\/ul><\/div>\n\t\t\t\t<\/div>\n\t\t\t\t<\/div>\n\t\t\t\t\t\t<\/div>\n\t\t\t\t\t<\/div>\n\t\t<\/div>\n\t\t\t\t\t\t\t\t<\/div>\n\t\t\t\t\t<\/div>\n\t\t<\/section>\n\t\t\t\t<section class=\"elementor-section elementor-top-section elementor-element elementor-element-6ebd450 elementor-section-boxed elementor-section-height-default elementor-section-height-default\" data-id=\"6ebd450\" data-element_type=\"section\">\n\t\t\t\t\t\t<div class=\"elementor-container elementor-column-gap-default\">\n\t\t\t\t\t\t\t<div class=\"elementor-row\">\n\t\t\t\t\t<div class=\"elementor-column elementor-col-100 elementor-top-column elementor-element elementor-element-44511d4\" data-id=\"44511d4\" data-element_type=\"column\">\n\t\t\t<div class=\"elementor-column-wrap elementor-element-populated\">\n\t\t\t\t\t\t\t<div class=\"elementor-widget-wrap\">\n\t\t\t\t\t\t<div class=\"elementor-element elementor-element-6e31ec8 elementor-invisible elementor-widget elementor-widget-text-editor\" data-id=\"6e31ec8\" data-element_type=\"widget\" data-settings=\"{&quot;_animation&quot;:&quot;none&quot;,&quot;_animation_delay&quot;:2000}\" data-widget_type=\"text-editor.default\">\n\t\t\t\t<div class=\"elementor-widget-container\">\n\t\t\t\t\t<div class=\"elementor-text-editor elementor-clearfix\"><h4>R\u00f3\u017cne wydzia\u0142y zak\u0142adu:<\/h4><\/div>\n\t\t\t\t<\/div>\n\t\t\t\t<\/div>\n\t\t\t\t\t\t<\/div>\n\t\t\t\t\t<\/div>\n\t\t<\/div>\n\t\t\t\t\t\t\t\t<\/div>\n\t\t\t\t\t<\/div>\n\t\t<\/section>\n\t\t\t\t<section class=\"elementor-section elementor-top-section elementor-element elementor-element-19ca5df elementor-section-boxed elementor-section-height-default elementor-section-height-default\" data-id=\"19ca5df\" data-element_type=\"section\">\n\t\t\t\t\t\t<div class=\"elementor-container elementor-column-gap-default\">\n\t\t\t\t\t\t\t<div class=\"elementor-row\">\n\t\t\t\t\t<div class=\"elementor-column elementor-col-100 elementor-top-column elementor-element elementor-element-3f24fcf\" data-id=\"3f24fcf\" data-element_type=\"column\">\n\t\t\t<div class=\"elementor-column-wrap elementor-element-populated\">\n\t\t\t\t\t\t\t<div class=\"elementor-widget-wrap\">\n\t\t\t\t\t\t<div class=\"elementor-element elementor-element-4e3256d elementor-widget elementor-widget-text-editor\" data-id=\"4e3256d\" data-element_type=\"widget\" data-widget_type=\"text-editor.default\">\n\t\t\t\t<div class=\"elementor-widget-container\">\n\t\t\t\t\t<div class=\"elementor-text-editor elementor-clearfix\"><ul><li>Naprawy, przegl\u0105dy, monta\u017c przeno\u015bnik\u00f3w r\u00f3\u017cnego typu<\/li><li>Spawanie, monta\u017c, wymiany ruroci\u0105g\u00f3w, zawor\u00f3w, usuwanie przeciek\u00f3w, naprawy zbiornik\u00f3w, rozw\u0142\u00f3kniaczy, sortownik\u00f3w<\/li><li>Wymiany, przegl\u0105dy pomp, przek\u0142adni, silnik\u00f3w, \u0142o\u017cysk, mieszade\u0142<\/li><li>Prefabrykacja, naprawy, monta\u017c podest\u00f3w, barier, schod\u00f3w, drabin<\/li><\/ul><\/div>\n\t\t\t\t<\/div>\n\t\t\t\t<\/div>\n\t\t\t\t\t\t<\/div>\n\t\t\t\t\t<\/div>\n\t\t<\/div>\n\t\t\t\t\t\t\t\t<\/div>\n\t\t\t\t\t<\/div>\n\t\t<\/section>\n\t\t\t\t\t\t<\/div>\n\t\t\t\t\t\t<\/div>\n\t\t\t\t\t<\/div>\n\t\t","protected":false},"excerpt":{"rendered":"<p>Papiernictwo Nasza firma posiada bogate do\u015bwiadczenie i specjalizuje si\u0119 w prowadzeniu projekt\u00f3w w europejskich zak\u0142adach produkcji papieru, celulozy oraz opakowa\u0144. Zakres oferowanych prac to m.in.: Maszyna papiernicza: budowa nowych maszyn w zakresie mechaniki, automatyki, elektryki, hydrauliki, pomiar\u00f3w geodezyjnych modernizacje maszyn- wymiana ca\u0142ych sekcji, przebudowa okapturzenia, rekuperacji, wentylacji relokacja maszyn wraz z instalacjami pomocniczymi prace remontowe [&hellip;]<\/p>\n","protected":false},"author":1,"featured_media":0,"parent":0,"menu_order":0,"comment_status":"closed","ping_status":"closed","template":"","meta":[],"_links":{"self":[{"href":"https:\/\/akconstruction.pl\/index.php\/wp-json\/wp\/v2\/pages\/24"}],"collection":[{"href":"https:\/\/akconstruction.pl\/index.php\/wp-json\/wp\/v2\/pages"}],"about":[{"href":"https:\/\/akconstruction.pl\/index.php\/wp-json\/wp\/v2\/types\/page"}],"author":[{"embeddable":true,"href":"https:\/\/akconstruction.pl\/index.php\/wp-json\/wp\/v2\/users\/1"}],"replies":[{"embeddable":true,"href":"https:\/\/akconstruction.pl\/index.php\/wp-json\/wp\/v2\/comments?post=24"}],"version-history":[{"count":9,"href":"https:\/\/akconstruction.pl\/index.php\/wp-json\/wp\/v2\/pages\/24\/revisions"}],"predecessor-version":[{"id":207,"href":"https:\/\/akconstruction.pl\/index.php\/wp-json\/wp\/v2\/pages\/24\/revisions\/207"}],"wp:attachment":[{"href":"https:\/\/akconstruction.pl\/index.php\/wp-json\/wp\/v2\/media?parent=24"}],"curies":[{"name":"wp","href":"https:\/\/api.w.org\/{rel}","templated":true}]}}