{"id":22,"date":"2020-09-28T18:09:15","date_gmt":"2020-09-28T16:09:15","guid":{"rendered":"http:\/\/akconstruction.pl\/?page_id=22"},"modified":"2020-10-21T15:08:42","modified_gmt":"2020-10-21T13:08:42","slug":"kim-jestesmy","status":"publish","type":"page","link":"https:\/\/akconstruction.pl\/","title":{"rendered":"Kim jeste\u015bmy"},"content":{"rendered":"\t\t<div data-elementor-type=\"wp-page\" data-elementor-id=\"22\" class=\"elementor elementor-22\" data-elementor-settings=\"[]\">\n\t\t\t\t\t\t<div class=\"elementor-inner\">\n\t\t\t\t\t\t\t<div class=\"elementor-section-wrap\">\n\t\t\t\t\t\t\t<section class=\"elementor-section elementor-top-section elementor-element elementor-element-6fff068 elementor-section-boxed elementor-section-height-default elementor-section-height-default\" data-id=\"6fff068\" data-element_type=\"section\">\n\t\t\t\t\t\t<div class=\"elementor-container elementor-column-gap-default\">\n\t\t\t\t\t\t\t<div class=\"elementor-row\">\n\t\t\t\t\t<div class=\"elementor-column elementor-col-100 elementor-top-column elementor-element elementor-element-570b68d\" data-id=\"570b68d\" data-element_type=\"column\">\n\t\t\t<div class=\"elementor-column-wrap elementor-element-populated\">\n\t\t\t\t\t\t\t<div class=\"elementor-widget-wrap\">\n\t\t\t\t\t\t<div class=\"elementor-element elementor-element-a01fd13 elementor-invisible elementor-widget elementor-widget-heading\" data-id=\"a01fd13\" data-element_type=\"widget\" data-settings=\"{&quot;_animation&quot;:&quot;none&quot;}\" data-widget_type=\"heading.default\">\n\t\t\t\t<div class=\"elementor-widget-container\">\n\t\t\t<h2 class=\"elementor-heading-title elementor-size-default\">Kim jeste\u015bmy<\/h2>\t\t<\/div>\n\t\t\t\t<\/div>\n\t\t\t\t\t\t<\/div>\n\t\t\t\t\t<\/div>\n\t\t<\/div>\n\t\t\t\t\t\t\t\t<\/div>\n\t\t\t\t\t<\/div>\n\t\t<\/section>\n\t\t\t\t<section class=\"elementor-section elementor-top-section elementor-element elementor-element-ff27c02 elementor-section-boxed elementor-section-height-default elementor-section-height-default\" data-id=\"ff27c02\" data-element_type=\"section\">\n\t\t\t\t\t\t<div class=\"elementor-container elementor-column-gap-default\">\n\t\t\t\t\t\t\t<div class=\"elementor-row\">\n\t\t\t\t\t<div class=\"elementor-column elementor-col-100 elementor-top-column elementor-element elementor-element-efa45a1\" data-id=\"efa45a1\" data-element_type=\"column\">\n\t\t\t<div class=\"elementor-column-wrap elementor-element-populated\">\n\t\t\t\t\t\t\t<div class=\"elementor-widget-wrap\">\n\t\t\t\t\t\t<div class=\"elementor-element elementor-element-0213302 elementor-widget elementor-widget-text-editor\" data-id=\"0213302\" data-element_type=\"widget\" data-widget_type=\"text-editor.default\">\n\t\t\t\t<div class=\"elementor-widget-container\">\n\t\t\t\t\t<div class=\"elementor-text-editor elementor-clearfix\"><p><img loading=\"lazy\" class=\"size-medium wp-image-59 alignright\" src=\"http:\/\/akconstruction.pl\/wp-content\/uploads\/2020\/09\/kimjestesmy-300x225.jpg\" alt=\"\" width=\"300\" height=\"225\" srcset=\"https:\/\/akconstruction.pl\/wp-content\/uploads\/2020\/09\/kimjestesmy-300x225.jpg 300w, https:\/\/akconstruction.pl\/wp-content\/uploads\/2020\/09\/kimjestesmy-1024x768.jpg 1024w, https:\/\/akconstruction.pl\/wp-content\/uploads\/2020\/09\/kimjestesmy-768x576.jpg 768w, https:\/\/akconstruction.pl\/wp-content\/uploads\/2020\/09\/kimjestesmy-1536x1152.jpg 1536w, https:\/\/akconstruction.pl\/wp-content\/uploads\/2020\/09\/kimjestesmy-2048x1536.jpg 2048w, https:\/\/akconstruction.pl\/wp-content\/uploads\/2020\/09\/kimjestesmy-830x623.jpg 830w, https:\/\/akconstruction.pl\/wp-content\/uploads\/2020\/09\/kimjestesmy-230x173.jpg 230w, https:\/\/akconstruction.pl\/wp-content\/uploads\/2020\/09\/kimjestesmy-350x263.jpg 350w, https:\/\/akconstruction.pl\/wp-content\/uploads\/2020\/09\/kimjestesmy-480x360.jpg 480w\" sizes=\"(max-width: 300px) 100vw, 300px\" \/>AK Construction specjalizuje si\u0119 w \u015bwiadczeniu kompleksowych us\u0142ug dla przemys\u0142u papierniczego, chemicznego i petrochemicznego.<\/p>\n<p>Stosuj\u0105c najbardziej aktualne standardy jako\u015bci, bezpiecze\u0144stwa pracy oraz etyki biznesu wprowadzamy now\u0105 jako\u015b\u0107 w bran\u017cy.<\/p>\n<p>Dzi\u0119ki wykwalifikowanej, do\u015bwiadczonej kadrze oraz bazie kompetentnych partner\u00f3w wykonujemy monta\u017ce, demonta\u017ce oraz remonty maszyn i urz\u0105dze\u0144 na obiektach przemys\u0142owych.<\/p>\n<p>Nasz personel ci\u0105gle rozwija ju\u017c szeroki zakres uprawnie\u0144. Dok\u0142adamy wszelkich stara\u0144, aby kooperacja z AK Construction by\u0142a dla naszych Partner\u00f3w niezmiennie profesjonalna, uczciwa i satysfakcjonuj\u0105ca.<\/p><\/div>\n\t\t\t\t<\/div>\n\t\t\t\t<\/div>\n\t\t\t\t\t\t<\/div>\n\t\t\t\t\t<\/div>\n\t\t<\/div>\n\t\t\t\t\t\t\t\t<\/div>\n\t\t\t\t\t<\/div>\n\t\t<\/section>\n\t\t\t\t\t\t<\/div>\n\t\t\t\t\t\t<\/div>\n\t\t\t\t\t<\/div>\n\t\t","protected":false},"excerpt":{"rendered":"<p>Kim jeste\u015bmy AK Construction specjalizuje si\u0119 w \u015bwiadczeniu kompleksowych us\u0142ug dla przemys\u0142u papierniczego, chemicznego i petrochemicznego. Stosuj\u0105c najbardziej aktualne standardy jako\u015bci, bezpiecze\u0144stwa pracy oraz etyki biznesu wprowadzamy now\u0105 jako\u015b\u0107 w bran\u017cy. Dzi\u0119ki wykwalifikowanej, do\u015bwiadczonej kadrze oraz bazie kompetentnych partner\u00f3w wykonujemy monta\u017ce, demonta\u017ce oraz remonty maszyn i urz\u0105dze\u0144 na obiektach przemys\u0142owych. Nasz personel ci\u0105gle rozwija ju\u017c [&hellip;]<\/p>\n","protected":false},"author":1,"featured_media":0,"parent":0,"menu_order":0,"comment_status":"closed","ping_status":"closed","template":"","meta":[],"_links":{"self":[{"href":"https:\/\/akconstruction.pl\/index.php\/wp-json\/wp\/v2\/pages\/22"}],"collection":[{"href":"https:\/\/akconstruction.pl\/index.php\/wp-json\/wp\/v2\/pages"}],"about":[{"href":"https:\/\/akconstruction.pl\/index.php\/wp-json\/wp\/v2\/types\/page"}],"author":[{"embeddable":true,"href":"https:\/\/akconstruction.pl\/index.php\/wp-json\/wp\/v2\/users\/1"}],"replies":[{"embeddable":true,"href":"https:\/\/akconstruction.pl\/index.php\/wp-json\/wp\/v2\/comments?post=22"}],"version-history":[{"count":7,"href":"https:\/\/akconstruction.pl\/index.php\/wp-json\/wp\/v2\/pages\/22\/revisions"}],"predecessor-version":[{"id":176,"href":"https:\/\/akconstruction.pl\/index.php\/wp-json\/wp\/v2\/pages\/22\/revisions\/176"}],"wp:attachment":[{"href":"https:\/\/akconstruction.pl\/index.php\/wp-json\/wp\/v2\/media?parent=22"}],"curies":[{"name":"wp","href":"https:\/\/api.w.org\/{rel}","templated":true}]}}